{"id":70,"date":"2023-11-10T23:16:45","date_gmt":"2023-11-10T23:16:45","guid":{"rendered":"https:\/\/negociosmabe.com\/?page_id=70"},"modified":"2023-11-13T19:47:57","modified_gmt":"2023-11-13T19:47:57","slug":"servicios","status":"publish","type":"page","link":"https:\/\/negociosmabe.com\/?page_id=70","title":{"rendered":"Servicios"},"content":{"rendered":"\t\t<div data-elementor-type=\"wp-page\" data-elementor-id=\"70\" class=\"elementor elementor-70\" data-elementor-post-type=\"page\">\n\t\t\t\t\t\t<section class=\"elementor-section elementor-top-section elementor-element elementor-element-65ed3499 elementor-section-height-min-height elementor-section-boxed elementor-section-height-default elementor-section-items-middle\" data-id=\"65ed3499\" data-element_type=\"section\" data-e-type=\"section\" data-settings=\"{&quot;background_background&quot;:&quot;classic&quot;}\">\n\t\t\t\t\t\t\t<div class=\"elementor-background-overlay\"><\/div>\n\t\t\t\t\t\t\t<div class=\"elementor-container elementor-column-gap-default\">\n\t\t\t\t\t<div class=\"elementor-column elementor-col-100 elementor-top-column elementor-element elementor-element-4579b8c\" data-id=\"4579b8c\" data-element_type=\"column\" data-e-type=\"column\">\n\t\t\t<div class=\"elementor-widget-wrap\">\n\t\t\t\t\t\t\t<\/div>\n\t\t<\/div>\n\t\t\t\t\t<\/div>\n\t\t<\/section>\n\t\t\t\t<section class=\"elementor-section elementor-top-section elementor-element elementor-element-b493580 elementor-section-boxed elementor-section-height-default elementor-section-height-default\" data-id=\"b493580\" data-element_type=\"section\" data-e-type=\"section\" data-settings=\"{&quot;background_background&quot;:&quot;classic&quot;}\">\n\t\t\t\t\t\t<div class=\"elementor-container elementor-column-gap-default\">\n\t\t\t\t\t<div class=\"elementor-column elementor-col-100 elementor-top-column elementor-element elementor-element-2af7431\" data-id=\"2af7431\" data-element_type=\"column\" data-e-type=\"column\">\n\t\t\t<div class=\"elementor-widget-wrap elementor-element-populated\">\n\t\t\t\t\t\t<div class=\"elementor-element elementor-element-a887246 elementor-widget__width-auto elementor-invisible elementor-widget elementor-widget-elementskit-header-info\" data-id=\"a887246\" data-element_type=\"widget\" data-e-type=\"widget\" data-settings=\"{&quot;_animation&quot;:&quot;fadeInUp&quot;}\" data-widget_type=\"elementskit-header-info.default\">\n\t\t\t\t<div class=\"elementor-widget-container\">\n\t\t\t\t\t<div class=\"ekit-wid-con\" >        <ul class=\"ekit-header-info\">\n                                    <li>\n                            <a > \n                                <svg aria-hidden=\"true\" class=\"e-font-icon-svg e-fas-circle\" viewBox=\"0 0 512 512\" xmlns=\"http:\/\/www.w3.org\/2000\/svg\"><path d=\"M256 8C119 8 8 119 8 256s111 248 248 248 248-111 248-248S393 8 256 8z\"><\/path><\/svg>                                Nuestros servicios                            <\/a>\n                        <\/li>\n\n                            <\/ul>\n        <\/div>\t\t\t\t<\/div>\n\t\t\t\t<\/div>\n\t\t\t\t<div class=\"elementor-element elementor-element-96a8862 elementor-invisible elementor-widget elementor-widget-heading\" data-id=\"96a8862\" data-element_type=\"widget\" data-e-type=\"widget\" data-settings=\"{&quot;_animation&quot;:&quot;fadeInUp&quot;,&quot;_animation_delay&quot;:200}\" data-widget_type=\"heading.default\">\n\t\t\t\t<div class=\"elementor-widget-container\">\n\t\t\t\t\t<h2 class=\"elementor-heading-title elementor-size-default\">\u00bfQu\u00e9 te ofrecemos?<\/h2>\t\t\t\t<\/div>\n\t\t\t\t<\/div>\n\t\t\t\t<section class=\"elementor-section elementor-inner-section elementor-element elementor-element-21ff203 elementor-section-boxed elementor-section-height-default elementor-section-height-default\" data-id=\"21ff203\" data-element_type=\"section\" data-e-type=\"section\">\n\t\t\t\t\t\t<div class=\"elementor-container elementor-column-gap-default\">\n\t\t\t\t\t<div class=\"elementor-column elementor-col-25 elementor-inner-column elementor-element elementor-element-590509d elementor-invisible\" data-id=\"590509d\" data-element_type=\"column\" data-e-type=\"column\" data-settings=\"{&quot;animation&quot;:&quot;fadeInUp&quot;,&quot;animation_delay&quot;:400}\">\n\t\t\t<div class=\"elementor-widget-wrap elementor-element-populated\">\n\t\t\t\t\t\t<div class=\"elementor-element elementor-element-b8b63f8 ekit-equal-height-disable elementor-widget elementor-widget-elementskit-icon-box\" data-id=\"b8b63f8\" data-element_type=\"widget\" data-e-type=\"widget\" data-widget_type=\"elementskit-icon-box.default\">\n\t\t\t\t<div class=\"elementor-widget-container\">\n\t\t\t\t\t<div class=\"ekit-wid-con\" >        <!-- link opening -->\n                <a href=\"#\" class=\"ekit_global_links\">\n                <!-- end link opening -->\n\n        <div class=\"elementskit-infobox text-left text-left icon-top-align elementor-animation-   \">\n                            <div class=\"elementskit-box-header\">\n                <div class=\"elementskit-info-box-icon \">\n                    <img fetchpriority=\"high\" decoding=\"async\" width=\"1000\" height=\"630\" src=\"https:\/\/negociosmabe.com\/wp-content\/uploads\/2023\/11\/number1.png\" class=\"attachment- size-\" alt=\"\" srcset=\"https:\/\/negociosmabe.com\/wp-content\/uploads\/2023\/11\/number1.png 1000w, https:\/\/negociosmabe.com\/wp-content\/uploads\/2023\/11\/number1-300x189.png 300w, https:\/\/negociosmabe.com\/wp-content\/uploads\/2023\/11\/number1-768x484.png 768w\" sizes=\"(max-width: 1000px) 100vw, 1000px\" \/>                <\/div>\n          <\/div>\n                <div class=\"box-body\">\n                            <h3 class=\"elementskit-info-box-title\">\n                    Productos promocionales                <\/h3>\n                        \t\t  \t<p>Desde estampas, banners, gorros, llaveros hasta stickers y folders con el logo y dise\u00f1o de tu marca.<\/p>\n                                <\/div>\n        \n        \n                <\/div>\n                <\/a>\n        <\/div>\t\t\t\t<\/div>\n\t\t\t\t<\/div>\n\t\t\t\t\t<\/div>\n\t\t<\/div>\n\t\t\t\t<div class=\"elementor-column elementor-col-25 elementor-inner-column elementor-element elementor-element-0afe75d elementor-invisible\" data-id=\"0afe75d\" data-element_type=\"column\" data-e-type=\"column\" data-settings=\"{&quot;animation&quot;:&quot;fadeInUp&quot;,&quot;animation_delay&quot;:500}\">\n\t\t\t<div class=\"elementor-widget-wrap elementor-element-populated\">\n\t\t\t\t\t\t<div class=\"elementor-element elementor-element-fb06589 ekit-equal-height-disable elementor-widget elementor-widget-elementskit-icon-box\" data-id=\"fb06589\" data-element_type=\"widget\" data-e-type=\"widget\" data-widget_type=\"elementskit-icon-box.default\">\n\t\t\t\t<div class=\"elementor-widget-container\">\n\t\t\t\t\t<div class=\"ekit-wid-con\" >        <!-- link opening -->\n                <a href=\"#\" class=\"ekit_global_links\">\n                <!-- end link opening -->\n\n        <div class=\"elementskit-infobox text-left text-left icon-top-align elementor-animation-   \">\n                            <div class=\"elementskit-box-header\">\n                <div class=\"elementskit-info-box-icon \">\n                    <img decoding=\"async\" width=\"1000\" height=\"630\" src=\"https:\/\/negociosmabe.com\/wp-content\/uploads\/2023\/11\/number2.png\" class=\"attachment- size-\" alt=\"\" srcset=\"https:\/\/negociosmabe.com\/wp-content\/uploads\/2023\/11\/number2.png 1000w, https:\/\/negociosmabe.com\/wp-content\/uploads\/2023\/11\/number2-300x189.png 300w, https:\/\/negociosmabe.com\/wp-content\/uploads\/2023\/11\/number2-768x484.png 768w\" sizes=\"(max-width: 1000px) 100vw, 1000px\" \/>                <\/div>\n          <\/div>\n                <div class=\"box-body\">\n                            <h3 class=\"elementskit-info-box-title\">\n                    Ilustraciones                <\/h3>\n                        \t\t  \t<p>Diagramamos tus volantes, revistas, banners o gigantograf\u00edas para su debida impresi\u00f3n.<\/p>\n                                <\/div>\n        \n        \n                <\/div>\n                <\/a>\n        <\/div>\t\t\t\t<\/div>\n\t\t\t\t<\/div>\n\t\t\t\t\t<\/div>\n\t\t<\/div>\n\t\t\t\t<div class=\"elementor-column elementor-col-25 elementor-inner-column elementor-element elementor-element-299307b elementor-invisible\" data-id=\"299307b\" data-element_type=\"column\" data-e-type=\"column\" data-settings=\"{&quot;animation&quot;:&quot;fadeInUp&quot;,&quot;animation_delay&quot;:600}\">\n\t\t\t<div class=\"elementor-widget-wrap elementor-element-populated\">\n\t\t\t\t\t\t<div class=\"elementor-element elementor-element-247317e ekit-equal-height-disable elementor-widget elementor-widget-elementskit-icon-box\" data-id=\"247317e\" data-element_type=\"widget\" data-e-type=\"widget\" data-widget_type=\"elementskit-icon-box.default\">\n\t\t\t\t<div class=\"elementor-widget-container\">\n\t\t\t\t\t<div class=\"ekit-wid-con\" >        <!-- link opening -->\n                <a href=\"#\" class=\"ekit_global_links\">\n                <!-- end link opening -->\n\n        <div class=\"elementskit-infobox text-left text-left icon-top-align elementor-animation-   \">\n                            <div class=\"elementskit-box-header\">\n                <div class=\"elementskit-info-box-icon \">\n                    <img decoding=\"async\" width=\"1000\" height=\"630\" src=\"https:\/\/negociosmabe.com\/wp-content\/uploads\/2023\/11\/number3.png\" class=\"attachment- size-\" alt=\"\" srcset=\"https:\/\/negociosmabe.com\/wp-content\/uploads\/2023\/11\/number3.png 1000w, https:\/\/negociosmabe.com\/wp-content\/uploads\/2023\/11\/number3-300x189.png 300w, https:\/\/negociosmabe.com\/wp-content\/uploads\/2023\/11\/number3-768x484.png 768w\" sizes=\"(max-width: 1000px) 100vw, 1000px\" \/>                <\/div>\n          <\/div>\n                <div class=\"box-body\">\n                            <h3 class=\"elementskit-info-box-title\">\n                    Producci\u00f3n                <\/h3>\n                        \t\t  \t<p>Capturamos la esencia de tu marca con creatividad y precisi\u00f3n, transformando conceptos en im\u00e1genes impactantes.<\/p>\n                                <\/div>\n        \n        \n                <\/div>\n                <\/a>\n        <\/div>\t\t\t\t<\/div>\n\t\t\t\t<\/div>\n\t\t\t\t\t<\/div>\n\t\t<\/div>\n\t\t\t\t<div class=\"elementor-column elementor-col-25 elementor-inner-column elementor-element elementor-element-7c352ee elementor-invisible\" data-id=\"7c352ee\" data-element_type=\"column\" data-e-type=\"column\" data-settings=\"{&quot;animation&quot;:&quot;fadeInUp&quot;,&quot;animation_delay&quot;:700}\">\n\t\t\t<div class=\"elementor-widget-wrap elementor-element-populated\">\n\t\t\t\t\t\t<div class=\"elementor-element elementor-element-871f25b ekit-equal-height-disable elementor-widget elementor-widget-elementskit-icon-box\" data-id=\"871f25b\" data-element_type=\"widget\" data-e-type=\"widget\" data-widget_type=\"elementskit-icon-box.default\">\n\t\t\t\t<div class=\"elementor-widget-container\">\n\t\t\t\t\t<div class=\"ekit-wid-con\" >        <!-- link opening -->\n                <a href=\"#\" class=\"ekit_global_links\">\n                <!-- end link opening -->\n\n        <div class=\"elementskit-infobox text-left text-left icon-top-align elementor-animation-   \">\n                            <div class=\"elementskit-box-header\">\n                <div class=\"elementskit-info-box-icon \">\n                    <img loading=\"lazy\" decoding=\"async\" width=\"1000\" height=\"630\" src=\"https:\/\/negociosmabe.com\/wp-content\/uploads\/2023\/11\/number4.png\" class=\"attachment- size-\" alt=\"\" srcset=\"https:\/\/negociosmabe.com\/wp-content\/uploads\/2023\/11\/number4.png 1000w, https:\/\/negociosmabe.com\/wp-content\/uploads\/2023\/11\/number4-300x189.png 300w, https:\/\/negociosmabe.com\/wp-content\/uploads\/2023\/11\/number4-768x484.png 768w\" sizes=\"(max-width: 1000px) 100vw, 1000px\" \/>                <\/div>\n          <\/div>\n                <div class=\"box-body\">\n                            <h3 class=\"elementskit-info-box-title\">\n                    Uniformes                <\/h3>\n                        \t\t  \t<p>Confeccionamos el uniforme de tu marca con el dise\u00f1o y colores que los representen.<\/p>\n                                <\/div>\n        \n        \n                <\/div>\n                <\/a>\n        <\/div>\t\t\t\t<\/div>\n\t\t\t\t<\/div>\n\t\t\t\t\t<\/div>\n\t\t<\/div>\n\t\t\t\t\t<\/div>\n\t\t<\/section>\n\t\t\t\t<div class=\"elementor-element elementor-element-8d1ce0e elementor-widget-divider--view-line elementor-invisible elementor-widget elementor-widget-divider\" data-id=\"8d1ce0e\" data-element_type=\"widget\" data-e-type=\"widget\" data-settings=\"{&quot;_animation&quot;:&quot;fadeInUp&quot;}\" data-widget_type=\"divider.default\">\n\t\t\t\t<div class=\"elementor-widget-container\">\n\t\t\t\t\t\t\t<div class=\"elementor-divider\">\n\t\t\t<span class=\"elementor-divider-separator\">\n\t\t\t\t\t\t<\/span>\n\t\t<\/div>\n\t\t\t\t\t\t<\/div>\n\t\t\t\t<\/div>\n\t\t\t\t<div class=\"elementor-element elementor-element-34e2759 elementor-align-center elementor-invisible elementor-widget elementor-widget-button\" data-id=\"34e2759\" data-element_type=\"widget\" data-e-type=\"widget\" data-settings=\"{&quot;_animation&quot;:&quot;fadeInUp&quot;,&quot;_animation_delay&quot;:400}\" data-widget_type=\"button.default\">\n\t\t\t\t<div class=\"elementor-widget-container\">\n\t\t\t\t\t\t\t\t\t<div class=\"elementor-button-wrapper\">\n\t\t\t\t\t<a class=\"elementor-button elementor-button-link elementor-size-sm\" href=\"https:\/\/negociosmabe.com\/?page_id=78\">\n\t\t\t\t\t\t<span class=\"elementor-button-content-wrapper\">\n\t\t\t\t\t\t\t\t\t<span class=\"elementor-button-text\">Nuestros productos<\/span>\n\t\t\t\t\t<\/span>\n\t\t\t\t\t<\/a>\n\t\t\t\t<\/div>\n\t\t\t\t\t\t\t\t<\/div>\n\t\t\t\t<\/div>\n\t\t\t\t\t<\/div>\n\t\t<\/div>\n\t\t\t\t\t<\/div>\n\t\t<\/section>\n\t\t\t\t<\/div>\n\t\t","protected":false},"excerpt":{"rendered":"<p>Nuestros servicios \u00bfQu\u00e9 te ofrecemos? Productos promocionales Desde estampas, banners, gorros, llaveros hasta stickers y folders con el logo y dise\u00f1o de tu marca. Ilustraciones Diagramamos tus volantes, revistas, banners o gigantograf\u00edas para su debida impresi\u00f3n. Producci\u00f3n Capturamos la esencia de tu marca con creatividad y precisi\u00f3n, transformando conceptos en im\u00e1genes impactantes. Uniformes Confeccionamos el [&hellip;]<\/p>\n","protected":false},"author":1,"featured_media":8,"parent":0,"menu_order":0,"comment_status":"closed","ping_status":"closed","template":"elementor_header_footer","meta":{"footnotes":""},"class_list":["post-70","page","type-page","status-publish","has-post-thumbnail","hentry"],"yoast_head":"<!-- This site is optimized with the Yoast SEO plugin v27.4 - https:\/\/yoast.com\/product\/yoast-seo-wordpress\/ -->\n<title>Mabe - Servicios<\/title>\n<meta name=\"description\" content=\"Desde banners vibrantes hasta llaveros personalizados, ofrecemos todo tipo de productos promocionales para tu marca.\" \/>\n<meta name=\"robots\" content=\"index, follow, max-snippet:-1, max-image-preview:large, max-video-preview:-1\" \/>\n<link rel=\"canonical\" href=\"https:\/\/negociosmabe.com\/?page_id=70\" \/>\n<meta property=\"og:locale\" content=\"es_ES\" \/>\n<meta property=\"og:type\" content=\"article\" \/>\n<meta property=\"og:title\" content=\"Mabe - Servicios\" \/>\n<meta property=\"og:description\" content=\"Desde banners vibrantes hasta llaveros personalizados, ofrecemos todo tipo de productos promocionales para tu marca.\" \/>\n<meta property=\"og:url\" content=\"https:\/\/negociosmabe.com\/?page_id=70\" \/>\n<meta property=\"og:site_name\" content=\"Mabe\" \/>\n<meta property=\"article:modified_time\" content=\"2023-11-13T19:47:57+00:00\" \/>\n<meta property=\"og:image\" content=\"https:\/\/negociosmabe.com\/wp-content\/uploads\/2023\/10\/LOGO-MABE.png\" \/>\n\t<meta property=\"og:image:width\" content=\"2084\" \/>\n\t<meta property=\"og:image:height\" content=\"2084\" \/>\n\t<meta property=\"og:image:type\" content=\"image\/png\" \/>\n<meta name=\"twitter:card\" content=\"summary_large_image\" \/>\n<meta name=\"twitter:label1\" content=\"Tiempo de lectura\" \/>\n\t<meta name=\"twitter:data1\" content=\"2 minutos\" \/>\n<script type=\"application\/ld+json\" class=\"yoast-schema-graph\">{\"@context\":\"https:\\\/\\\/schema.org\",\"@graph\":[{\"@type\":\"WebPage\",\"@id\":\"https:\\\/\\\/negociosmabe.com\\\/?page_id=70\",\"url\":\"https:\\\/\\\/negociosmabe.com\\\/?page_id=70\",\"name\":\"Mabe - Servicios\",\"isPartOf\":{\"@id\":\"https:\\\/\\\/negociosmabe.com\\\/#website\"},\"primaryImageOfPage\":{\"@id\":\"https:\\\/\\\/negociosmabe.com\\\/?page_id=70#primaryimage\"},\"image\":{\"@id\":\"https:\\\/\\\/negociosmabe.com\\\/?page_id=70#primaryimage\"},\"thumbnailUrl\":\"https:\\\/\\\/negociosmabe.com\\\/wp-content\\\/uploads\\\/2023\\\/10\\\/LOGO-MABE.png\",\"datePublished\":\"2023-11-10T23:16:45+00:00\",\"dateModified\":\"2023-11-13T19:47:57+00:00\",\"description\":\"Desde banners vibrantes hasta llaveros personalizados, ofrecemos todo tipo de productos promocionales para tu marca.\",\"breadcrumb\":{\"@id\":\"https:\\\/\\\/negociosmabe.com\\\/?page_id=70#breadcrumb\"},\"inLanguage\":\"es\",\"potentialAction\":[{\"@type\":\"ReadAction\",\"target\":[\"https:\\\/\\\/negociosmabe.com\\\/?page_id=70\"]}]},{\"@type\":\"ImageObject\",\"inLanguage\":\"es\",\"@id\":\"https:\\\/\\\/negociosmabe.com\\\/?page_id=70#primaryimage\",\"url\":\"https:\\\/\\\/negociosmabe.com\\\/wp-content\\\/uploads\\\/2023\\\/10\\\/LOGO-MABE.png\",\"contentUrl\":\"https:\\\/\\\/negociosmabe.com\\\/wp-content\\\/uploads\\\/2023\\\/10\\\/LOGO-MABE.png\",\"width\":2084,\"height\":2084},{\"@type\":\"BreadcrumbList\",\"@id\":\"https:\\\/\\\/negociosmabe.com\\\/?page_id=70#breadcrumb\",\"itemListElement\":[{\"@type\":\"ListItem\",\"position\":1,\"name\":\"Portada\",\"item\":\"https:\\\/\\\/negociosmabe.com\\\/\"},{\"@type\":\"ListItem\",\"position\":2,\"name\":\"Servicios\"}]},{\"@type\":\"WebSite\",\"@id\":\"https:\\\/\\\/negociosmabe.com\\\/#website\",\"url\":\"https:\\\/\\\/negociosmabe.com\\\/\",\"name\":\"Mabe\",\"description\":\"Empresa vendedora de productos promocionales\",\"potentialAction\":[{\"@type\":\"SearchAction\",\"target\":{\"@type\":\"EntryPoint\",\"urlTemplate\":\"https:\\\/\\\/negociosmabe.com\\\/?s={search_term_string}\"},\"query-input\":{\"@type\":\"PropertyValueSpecification\",\"valueRequired\":true,\"valueName\":\"search_term_string\"}}],\"inLanguage\":\"es\"}]}<\/script>\n<!-- \/ Yoast SEO plugin. -->","yoast_head_json":{"title":"Mabe - Servicios","description":"Desde banners vibrantes hasta llaveros personalizados, ofrecemos todo tipo de productos promocionales para tu marca.","robots":{"index":"index","follow":"follow","max-snippet":"max-snippet:-1","max-image-preview":"max-image-preview:large","max-video-preview":"max-video-preview:-1"},"canonical":"https:\/\/negociosmabe.com\/?page_id=70","og_locale":"es_ES","og_type":"article","og_title":"Mabe - Servicios","og_description":"Desde banners vibrantes hasta llaveros personalizados, ofrecemos todo tipo de productos promocionales para tu marca.","og_url":"https:\/\/negociosmabe.com\/?page_id=70","og_site_name":"Mabe","article_modified_time":"2023-11-13T19:47:57+00:00","og_image":[{"width":2084,"height":2084,"url":"https:\/\/negociosmabe.com\/wp-content\/uploads\/2023\/10\/LOGO-MABE.png","type":"image\/png"}],"twitter_card":"summary_large_image","twitter_misc":{"Tiempo de lectura":"2 minutos"},"schema":{"@context":"https:\/\/schema.org","@graph":[{"@type":"WebPage","@id":"https:\/\/negociosmabe.com\/?page_id=70","url":"https:\/\/negociosmabe.com\/?page_id=70","name":"Mabe - Servicios","isPartOf":{"@id":"https:\/\/negociosmabe.com\/#website"},"primaryImageOfPage":{"@id":"https:\/\/negociosmabe.com\/?page_id=70#primaryimage"},"image":{"@id":"https:\/\/negociosmabe.com\/?page_id=70#primaryimage"},"thumbnailUrl":"https:\/\/negociosmabe.com\/wp-content\/uploads\/2023\/10\/LOGO-MABE.png","datePublished":"2023-11-10T23:16:45+00:00","dateModified":"2023-11-13T19:47:57+00:00","description":"Desde banners vibrantes hasta llaveros personalizados, ofrecemos todo tipo de productos promocionales para tu marca.","breadcrumb":{"@id":"https:\/\/negociosmabe.com\/?page_id=70#breadcrumb"},"inLanguage":"es","potentialAction":[{"@type":"ReadAction","target":["https:\/\/negociosmabe.com\/?page_id=70"]}]},{"@type":"ImageObject","inLanguage":"es","@id":"https:\/\/negociosmabe.com\/?page_id=70#primaryimage","url":"https:\/\/negociosmabe.com\/wp-content\/uploads\/2023\/10\/LOGO-MABE.png","contentUrl":"https:\/\/negociosmabe.com\/wp-content\/uploads\/2023\/10\/LOGO-MABE.png","width":2084,"height":2084},{"@type":"BreadcrumbList","@id":"https:\/\/negociosmabe.com\/?page_id=70#breadcrumb","itemListElement":[{"@type":"ListItem","position":1,"name":"Portada","item":"https:\/\/negociosmabe.com\/"},{"@type":"ListItem","position":2,"name":"Servicios"}]},{"@type":"WebSite","@id":"https:\/\/negociosmabe.com\/#website","url":"https:\/\/negociosmabe.com\/","name":"Mabe","description":"Empresa vendedora de productos promocionales","potentialAction":[{"@type":"SearchAction","target":{"@type":"EntryPoint","urlTemplate":"https:\/\/negociosmabe.com\/?s={search_term_string}"},"query-input":{"@type":"PropertyValueSpecification","valueRequired":true,"valueName":"search_term_string"}}],"inLanguage":"es"}]}},"jetpack_sharing_enabled":true,"_links":{"self":[{"href":"https:\/\/negociosmabe.com\/index.php?rest_route=\/wp\/v2\/pages\/70","targetHints":{"allow":["GET"]}}],"collection":[{"href":"https:\/\/negociosmabe.com\/index.php?rest_route=\/wp\/v2\/pages"}],"about":[{"href":"https:\/\/negociosmabe.com\/index.php?rest_route=\/wp\/v2\/types\/page"}],"author":[{"embeddable":true,"href":"https:\/\/negociosmabe.com\/index.php?rest_route=\/wp\/v2\/users\/1"}],"replies":[{"embeddable":true,"href":"https:\/\/negociosmabe.com\/index.php?rest_route=%2Fwp%2Fv2%2Fcomments&post=70"}],"version-history":[{"count":10,"href":"https:\/\/negociosmabe.com\/index.php?rest_route=\/wp\/v2\/pages\/70\/revisions"}],"predecessor-version":[{"id":194,"href":"https:\/\/negociosmabe.com\/index.php?rest_route=\/wp\/v2\/pages\/70\/revisions\/194"}],"wp:featuredmedia":[{"embeddable":true,"href":"https:\/\/negociosmabe.com\/index.php?rest_route=\/wp\/v2\/media\/8"}],"wp:attachment":[{"href":"https:\/\/negociosmabe.com\/index.php?rest_route=%2Fwp%2Fv2%2Fmedia&parent=70"}],"curies":[{"name":"wp","href":"https:\/\/api.w.org\/{rel}","templated":true}]}}